{"id":2,"date":"2024-07-31T11:10:06","date_gmt":"2024-07-31T11:10:06","guid":{"rendered":"http:\/\/styleinshine.hu\/?page_id=2"},"modified":"2024-10-01T16:07:26","modified_gmt":"2024-10-01T16:07:26","slug":"fooldal","status":"publish","type":"page","link":"https:\/\/styleinshine.hu\/","title":{"rendered":"F\u0151oldal"},"content":{"rendered":"\t\t<div data-elementor-type=\"wp-page\" data-elementor-id=\"2\" class=\"elementor elementor-2\" data-elementor-post-type=\"page\">\n\t\t\t\t<div class=\"elementor-element elementor-element-fe22c09 e-con-full e-flex e-con e-parent\" data-id=\"fe22c09\" data-element_type=\"container\">\n\t\t\t\t<div class=\"elementor-element elementor-element-0ef37aa elementor-widget elementor-widget-template\" data-id=\"0ef37aa\" data-element_type=\"widget\" data-widget_type=\"template.default\">\n\t\t\t\t<div class=\"elementor-widget-container\">\n\t\t\t\t\t\t\t<div class=\"elementor-template\">\n\t\t\t\t\t<div data-elementor-type=\"page\" data-elementor-id=\"18\" class=\"elementor elementor-18\" data-elementor-post-type=\"elementor_library\">\n\t\t\t\t\t\t<section class=\"elementor-section elementor-top-section elementor-element elementor-element-6994768f elementor-section-height-min-height elementor-section-full_width elementor-section-items-top elementor-section-height-default\" data-id=\"6994768f\" data-element_type=\"section\" data-settings=\"{&quot;background_background&quot;:&quot;classic&quot;}\">\n\t\t\t\t\t\t\t<div class=\"elementor-background-overlay\"><\/div>\n\t\t\t\t\t\t\t<div class=\"elementor-container elementor-column-gap-default\">\n\t\t\t\t\t<div class=\"elementor-column elementor-col-50 elementor-top-column elementor-element elementor-element-67abb939\" data-id=\"67abb939\" data-element_type=\"column\">\n\t\t\t<div class=\"elementor-widget-wrap elementor-element-populated\">\n\t\t\t\t\t\t<div class=\"elementor-element elementor-element-18b3392 elementor-widget elementor-widget-heading\" data-id=\"18b3392\" data-element_type=\"widget\" data-widget_type=\"heading.default\">\n\t\t\t\t<div class=\"elementor-widget-container\">\n\t\t\t\t\t<h2 class=\"elementor-heading-title elementor-size-default\">St\u00edluskommunik\u00e1ci\u00f3 \u00e9s sz\u00edntan\u00e1csad\u00e1s by Imola R\u00e9ka<\/h2>\t\t\t\t<\/div>\n\t\t\t\t<\/div>\n\t\t\t\t<div class=\"elementor-element elementor-element-6bc01e1b elementor-widget elementor-widget-text-editor\" data-id=\"6bc01e1b\" data-element_type=\"widget\" data-widget_type=\"text-editor.default\">\n\t\t\t\t<div class=\"elementor-widget-container\">\n\t\t\t\t\t\t\t\t\t<p>\u00d6nmagunk megismer\u00e9se egy \u00faj kezdet. \u00c9ld meg saj\u00e1t sz\u00edneid energi\u00e1j\u00e1t, ismerd meg a testalkatodhoz ill\u0151 fazonokat, tal\u00e1ld meg azokat a hajsz\u00edneket \u00e9s sminksz\u00edneket, melyek ragyogtatnak T\u00e9ged!<\/p>\t\t\t\t\t\t\t\t<\/div>\n\t\t\t\t<\/div>\n\t\t\t\t\t<\/div>\n\t\t<\/div>\n\t\t\t\t<div class=\"elementor-column elementor-col-50 elementor-top-column elementor-element elementor-element-12ed6674\" data-id=\"12ed6674\" data-element_type=\"column\">\n\t\t\t<div class=\"elementor-widget-wrap elementor-element-populated\">\n\t\t\t\t\t\t<div class=\"elementor-element elementor-element-44b7c21c elementor-widget elementor-widget-image\" data-id=\"44b7c21c\" data-element_type=\"widget\" data-widget_type=\"image.default\">\n\t\t\t\t<div class=\"elementor-widget-container\">\n\t\t\t\t\t\t\t\t\t\t\t\t\t\t\t<img fetchpriority=\"high\" decoding=\"async\" width=\"900\" height=\"900\" src=\"https:\/\/styleinshine.hu\/wp-content\/uploads\/2024\/07\/logo-1024x1024.jpg\" class=\"attachment-large size-large wp-image-54\" alt=\"\" srcset=\"https:\/\/styleinshine.hu\/wp-content\/uploads\/2024\/07\/logo-1024x1024.jpg 1024w, https:\/\/styleinshine.hu\/wp-content\/uploads\/2024\/07\/logo-300x300.jpg 300w, https:\/\/styleinshine.hu\/wp-content\/uploads\/2024\/07\/logo-150x150.jpg 150w, https:\/\/styleinshine.hu\/wp-content\/uploads\/2024\/07\/logo-768x768.jpg 768w, https:\/\/styleinshine.hu\/wp-content\/uploads\/2024\/07\/logo-1536x1536.jpg 1536w, https:\/\/styleinshine.hu\/wp-content\/uploads\/2024\/07\/logo.jpg 1668w\" sizes=\"(max-width: 900px) 100vw, 900px\" \/>\t\t\t\t\t\t\t\t\t\t\t\t\t\t\t<\/div>\n\t\t\t\t<\/div>\n\t\t\t\t\t<\/div>\n\t\t<\/div>\n\t\t\t\t\t<\/div>\n\t\t<\/section>\n\t\t<div class=\"elementor-element elementor-element-c3b08a3 e-flex e-con-boxed e-con e-parent\" data-id=\"c3b08a3\" data-element_type=\"container\">\n\t\t\t\t\t<div class=\"e-con-inner\">\n\t\t\t\t<div class=\"elementor-element elementor-element-76e9ef2 elementor-widget elementor-widget-spacer\" data-id=\"76e9ef2\" data-element_type=\"widget\" data-widget_type=\"spacer.default\">\n\t\t\t\t<div class=\"elementor-widget-container\">\n\t\t\t\t\t\t\t<div class=\"elementor-spacer\">\n\t\t\t<div class=\"elementor-spacer-inner\"><\/div>\n\t\t<\/div>\n\t\t\t\t\t\t<\/div>\n\t\t\t\t<\/div>\n\t\t\t\t\t<\/div>\n\t\t\t\t<\/div>\n\t\t\t\t<section class=\"elementor-section elementor-top-section elementor-element elementor-element-7270c87 elementor-section-height-min-height elementor-section-full_width elementor-section-items-top elementor-section-height-default\" data-id=\"7270c87\" data-element_type=\"section\" data-settings=\"{&quot;background_background&quot;:&quot;classic&quot;}\">\n\t\t\t\t\t\t\t<div class=\"elementor-background-overlay\"><\/div>\n\t\t\t\t\t\t\t<div class=\"elementor-container elementor-column-gap-default\">\n\t\t\t\t\t<div class=\"elementor-column elementor-col-50 elementor-top-column elementor-element elementor-element-b413c8f\" data-id=\"b413c8f\" data-element_type=\"column\">\n\t\t\t<div class=\"elementor-widget-wrap elementor-element-populated\">\n\t\t\t\t\t\t<div class=\"elementor-element elementor-element-b8ee6a8 elementor-widget elementor-widget-image\" data-id=\"b8ee6a8\" data-element_type=\"widget\" data-widget_type=\"image.default\">\n\t\t\t\t<div class=\"elementor-widget-container\">\n\t\t\t\t\t\t\t\t\t\t\t\t\t\t\t<img decoding=\"async\" width=\"900\" height=\"862\" src=\"https:\/\/styleinshine.hu\/wp-content\/uploads\/2024\/07\/image_123650291-1-1-1024x981.jpg\" class=\"attachment-large size-large wp-image-418\" alt=\"\" srcset=\"https:\/\/styleinshine.hu\/wp-content\/uploads\/2024\/07\/image_123650291-1-1-1024x981.jpg 1024w, https:\/\/styleinshine.hu\/wp-content\/uploads\/2024\/07\/image_123650291-1-1-300x287.jpg 300w, https:\/\/styleinshine.hu\/wp-content\/uploads\/2024\/07\/image_123650291-1-1-768x736.jpg 768w, https:\/\/styleinshine.hu\/wp-content\/uploads\/2024\/07\/image_123650291-1-1-1536x1471.jpg 1536w, https:\/\/styleinshine.hu\/wp-content\/uploads\/2024\/07\/image_123650291-1-1.jpg 1540w\" sizes=\"(max-width: 900px) 100vw, 900px\" \/>\t\t\t\t\t\t\t\t\t\t\t\t\t\t\t<\/div>\n\t\t\t\t<\/div>\n\t\t\t\t\t<\/div>\n\t\t<\/div>\n\t\t\t\t<div class=\"elementor-column elementor-col-50 elementor-top-column elementor-element elementor-element-76a8bb1\" data-id=\"76a8bb1\" data-element_type=\"column\">\n\t\t\t<div class=\"elementor-widget-wrap elementor-element-populated\">\n\t\t\t\t\t\t<div class=\"elementor-element elementor-element-8285c10 elementor-widget elementor-widget-heading\" data-id=\"8285c10\" data-element_type=\"widget\" data-widget_type=\"heading.default\">\n\t\t\t\t<div class=\"elementor-widget-container\">\n\t\t\t\t\t<h2 class=\"elementor-heading-title elementor-size-default\">R\u00f3lam...<\/h2>\t\t\t\t<\/div>\n\t\t\t\t<\/div>\n\t\t\t\t<div class=\"elementor-element elementor-element-4e46e97 elementor-widget elementor-widget-text-editor\" data-id=\"4e46e97\" data-element_type=\"widget\" data-widget_type=\"text-editor.default\">\n\t\t\t\t<div class=\"elementor-widget-container\">\n\t\t\t\t\t\t\t\t\t<p>Sz\u00edn- \u00e9s st\u00edlustan\u00e1csad\u00f3k\u00e9nt, valamint st\u00edluskommunik\u00e1tork\u00e9nt abban seg\u00edtek, hogy megtal\u00e1ld az egy\u00e9nis\u00e9gedhez legjobban ill\u0151 megjelen\u00e9st, \u00e9s magabiztosan kommunik\u00e1ld \u00f6nmagad a st\u00edlusodon kereszt\u00fcl. Hiszem, hogy a megfelel\u0151 sz\u00ednek, szab\u00e1svonalak \u00e9s kieg\u00e9sz\u00edt\u0151k nemcsak a k\u00fcls\u0151t form\u00e1lj\u00e1k, hanem bels\u0151 \u00f6nbizalmat is adnak, amely minden \u00e9lethelyzetben t\u00e1mogat.<\/p><p>Munk\u00e1m sor\u00e1n arra t\u00f6rekszem, hogy seg\u00edts\u00e9get ny\u00fajtsak abban, hogy tudatosan v\u00e1laszd ki a ruhat\u00e1radat, \u00e9s egy olyan st\u00edlust alak\u00edts ki, amely val\u00f3ban t\u00fckr\u00f6zi az egy\u00e9nis\u00e9gedet. Legyen sz\u00f3 \u00fczleti megjelen\u00e9sr\u0151l, alkalmi \u00f6lt\u00f6z\u00e9kr\u0151l vagy h\u00e9tk\u00f6znapi ruhat\u00e1r friss\u00edt\u00e9s\u00e9r\u0151l, a c\u00e9lom, hogy \u00f6sszhangba hozd a k\u00fcls\u0151d \u00e9s bels\u0151d, ez\u00e1ltal a legjobb form\u00e1dat mutathasd. A sz\u00ednek, szab\u00e1svonalak, mint\u00e1k \u00e9s anyagok tudatos kiv\u00e1laszt\u00e1sa nem csup\u00e1n divatk\u00e9rd\u00e9s, hanem egy eszk\u00f6z arra, hogy hat\u00e9konyan kommunik\u00e1ld magad a vil\u00e1g fel\u00e9.<\/p><p>St\u00edluskommunik\u00e1tork\u00e9nt seg\u00edtek abban, hogy a megjelen\u00e9sed val\u00f3ban r\u00f3lad mes\u00e9ljen, \u00e9s hitelesen t\u00fckr\u00f6zze a szem\u00e9lyis\u00e9gedet. Fedezd fel velem a sz\u00edneid erej\u00e9t, az alakodhoz ill\u0151 st\u00edlusokat, \u00e9s tal\u00e1ld meg azt az egyedi megjelen\u00e9st, amelyben igaz\u00e1n \u00f6nmagad lehetsz!<\/p>\t\t\t\t\t\t\t\t<\/div>\n\t\t\t\t<\/div>\n\t\t\t\t\t<\/div>\n\t\t<\/div>\n\t\t\t\t\t<\/div>\n\t\t<\/section>\n\t\t\t\t<section class=\"elementor-section elementor-top-section elementor-element elementor-element-649e237 elementor-reverse-mobile elementor-section-full_width elementor-section-height-default elementor-section-height-default\" data-id=\"649e237\" data-element_type=\"section\" data-settings=\"{&quot;background_background&quot;:&quot;classic&quot;}\">\n\t\t\t\t\t\t<div class=\"elementor-container elementor-column-gap-default\">\n\t\t\t\t\t<div class=\"elementor-column elementor-col-50 elementor-top-column elementor-element elementor-element-5db7ae64\" data-id=\"5db7ae64\" data-element_type=\"column\">\n\t\t\t<div class=\"elementor-widget-wrap elementor-element-populated\">\n\t\t\t\t\t\t<div class=\"elementor-element elementor-element-b8b24bb elementor-widget elementor-widget-text-editor\" data-id=\"b8b24bb\" data-element_type=\"widget\" data-widget_type=\"text-editor.default\">\n\t\t\t\t<div class=\"elementor-widget-container\">\n\t\t\t\t\t\t\t\t\t<div dir=\"auto\">Tudtad, hogy a megfelel\u0151en v\u00e1lasztott sz\u00edn fiatalosabb\u00e1 var\u00e1zsolhatja megjelen\u00e9sed?<\/div><div dir=\"auto\">Tudtad, hogy nap mint nap \u00f6ntudatlanul is sz\u00ednkombin\u00e1ci\u00f3kat alkotunk az \u00f6lt\u00f6zk\u00f6d\u00e9s\u00fcnk sor\u00e1n?<\/div><div dir=\"auto\">Tudtad, hogy minden ruhadarab, amit megv\u00e1s\u00e1rolsz, egy bizonyos testalkatt\u00edpusnak kedvez\u0151 szab\u00e1svonallal rendelkezik?\u00a0Tudtad, hogy a sminksz\u00ednek, amiket haszn\u00e1lsz, \u00f6sszhangban \u00e1llnak a saj\u00e1t sz\u00ednt\u00edpusoddal? Ha szeretn\u00e9d ezeket helyesen alkalmazni a mindennapokban, mindenk\u00e9pp l\u00e1togass el hozz\u00e1m, hogy megismerkedhess a legel\u0151ny\u00f6sebb sz\u00ednekkel \u00e9s fazonokkal.<\/div><div dir=\"auto\">\u00a0<\/div>\t\t\t\t\t\t\t\t<\/div>\n\t\t\t\t<\/div>\n\t\t\t\t<div class=\"elementor-element elementor-element-59666943 elementor-widget elementor-widget-heading\" data-id=\"59666943\" data-element_type=\"widget\" data-widget_type=\"heading.default\">\n\t\t\t\t<div class=\"elementor-widget-container\">\n\t\t\t\t\t<h2 class=\"elementor-heading-title elementor-size-default\">Sz\u00ednnel, l\u00e9lekkel:\nImola R\u00e9ka \nSt\u00edluskommunik\u00e1tor<\/h2>\t\t\t\t<\/div>\n\t\t\t\t<\/div>\n\t\t\t\t\t<\/div>\n\t\t<\/div>\n\t\t\t\t<div class=\"elementor-column elementor-col-50 elementor-top-column elementor-element elementor-element-83b6092\" data-id=\"83b6092\" data-element_type=\"column\">\n\t\t\t<div class=\"elementor-widget-wrap elementor-element-populated\">\n\t\t\t\t\t\t<div class=\"elementor-element elementor-element-17c5db4c elementor-widget elementor-widget-image\" data-id=\"17c5db4c\" data-element_type=\"widget\" data-widget_type=\"image.default\">\n\t\t\t\t<div class=\"elementor-widget-container\">\n\t\t\t\t\t\t\t\t\t\t\t\t\t\t\t<img decoding=\"async\" width=\"845\" height=\"1024\" src=\"https:\/\/styleinshine.hu\/wp-content\/uploads\/2024\/07\/image_123650291-4-1-845x1024.jpg\" class=\"attachment-large size-large wp-image-404\" alt=\"\" srcset=\"https:\/\/styleinshine.hu\/wp-content\/uploads\/2024\/07\/image_123650291-4-1-845x1024.jpg 845w, https:\/\/styleinshine.hu\/wp-content\/uploads\/2024\/07\/image_123650291-4-1-247x300.jpg 247w, https:\/\/styleinshine.hu\/wp-content\/uploads\/2024\/07\/image_123650291-4-1-768x931.jpg 768w, https:\/\/styleinshine.hu\/wp-content\/uploads\/2024\/07\/image_123650291-4-1-1267x1536.jpg 1267w, https:\/\/styleinshine.hu\/wp-content\/uploads\/2024\/07\/image_123650291-4-1-1690x2048.jpg 1690w, https:\/\/styleinshine.hu\/wp-content\/uploads\/2024\/07\/image_123650291-4-1.jpg 1824w\" sizes=\"(max-width: 845px) 100vw, 845px\" \/>\t\t\t\t\t\t\t\t\t\t\t\t\t\t\t<\/div>\n\t\t\t\t<\/div>\n\t\t\t\t\t<\/div>\n\t\t<\/div>\n\t\t\t\t\t<\/div>\n\t\t<\/section>\n\t\t<div class=\"elementor-element elementor-element-27c2340 e-flex e-con-boxed e-con e-parent\" data-id=\"27c2340\" data-element_type=\"container\">\n\t\t\t\t\t<div class=\"e-con-inner\">\n\t\t<div class=\"elementor-element elementor-element-430b1dd e-con-full e-flex e-con e-child\" data-id=\"430b1dd\" data-element_type=\"container\">\n\t\t\t\t<div class=\"elementor-element elementor-element-9e6eddd elementor-widget elementor-widget-image\" data-id=\"9e6eddd\" data-element_type=\"widget\" data-widget_type=\"image.default\">\n\t\t\t\t<div class=\"elementor-widget-container\">\n\t\t\t\t\t\t\t\t\t\t\t\t\t\t\t<img loading=\"lazy\" decoding=\"async\" width=\"900\" height=\"600\" src=\"https:\/\/styleinshine.hu\/wp-content\/uploads\/2024\/07\/image_123650291-2-1024x683.jpg\" class=\"attachment-large size-large wp-image-399\" alt=\"\" srcset=\"https:\/\/styleinshine.hu\/wp-content\/uploads\/2024\/07\/image_123650291-2-1024x683.jpg 1024w, https:\/\/styleinshine.hu\/wp-content\/uploads\/2024\/07\/image_123650291-2-300x200.jpg 300w, https:\/\/styleinshine.hu\/wp-content\/uploads\/2024\/07\/image_123650291-2-768x512.jpg 768w, https:\/\/styleinshine.hu\/wp-content\/uploads\/2024\/07\/image_123650291-2-1536x1024.jpg 1536w, https:\/\/styleinshine.hu\/wp-content\/uploads\/2024\/07\/image_123650291-2-2048x1365.jpg 2048w\" sizes=\"(max-width: 900px) 100vw, 900px\" \/>\t\t\t\t\t\t\t\t\t\t\t\t\t\t\t<\/div>\n\t\t\t\t<\/div>\n\t\t\t\t<\/div>\n\t\t<div class=\"elementor-element elementor-element-d440e76 e-con-full e-flex e-con e-child\" data-id=\"d440e76\" data-element_type=\"container\">\n\t\t\t\t<div class=\"elementor-element elementor-element-fc66cb2 elementor-widget elementor-widget-image\" data-id=\"fc66cb2\" data-element_type=\"widget\" data-widget_type=\"image.default\">\n\t\t\t\t<div class=\"elementor-widget-container\">\n\t\t\t\t\t\t\t\t\t\t\t\t\t\t\t<img loading=\"lazy\" decoding=\"async\" width=\"900\" height=\"600\" src=\"https:\/\/styleinshine.hu\/wp-content\/uploads\/2024\/07\/image_123650291-3-1024x683.jpg\" class=\"attachment-large size-large wp-image-400\" alt=\"\" srcset=\"https:\/\/styleinshine.hu\/wp-content\/uploads\/2024\/07\/image_123650291-3-1024x683.jpg 1024w, https:\/\/styleinshine.hu\/wp-content\/uploads\/2024\/07\/image_123650291-3-300x200.jpg 300w, https:\/\/styleinshine.hu\/wp-content\/uploads\/2024\/07\/image_123650291-3-768x512.jpg 768w, https:\/\/styleinshine.hu\/wp-content\/uploads\/2024\/07\/image_123650291-3-1536x1024.jpg 1536w, https:\/\/styleinshine.hu\/wp-content\/uploads\/2024\/07\/image_123650291-3-2048x1365.jpg 2048w\" sizes=\"(max-width: 900px) 100vw, 900px\" \/>\t\t\t\t\t\t\t\t\t\t\t\t\t\t\t<\/div>\n\t\t\t\t<\/div>\n\t\t\t\t<\/div>\n\t\t\t\t\t<\/div>\n\t\t\t\t<\/div>\n\t\t\t\t<\/div>\n\t\t\t\t<\/div>\n\t\t\t\t\t\t<\/div>\n\t\t\t\t<\/div>\n\t\t\t\t<\/div>\n\t\t<div class=\"elementor-element elementor-element-67383c2f e-con-full e-flex e-con e-parent\" data-id=\"67383c2f\" data-element_type=\"container\" data-settings=\"{&quot;background_background&quot;:&quot;classic&quot;}\">\n\t\t<div class=\"elementor-element elementor-element-7667b9cb e-con-full e-flex e-con e-child\" data-id=\"7667b9cb\" data-element_type=\"container\">\n\t\t\t\t<div class=\"elementor-element elementor-element-47a5a4ed elementor-widget elementor-widget-heading\" data-id=\"47a5a4ed\" data-element_type=\"widget\" data-widget_type=\"heading.default\">\n\t\t\t\t<div class=\"elementor-widget-container\">\n\t\t\t\t\t<h2 class=\"elementor-heading-title elementor-size-default\">Kapcsolat<\/h2>\t\t\t\t<\/div>\n\t\t\t\t<\/div>\n\t\t\t\t<div class=\"elementor-element elementor-element-724461b5 elementor-widget elementor-widget-heading\" data-id=\"724461b5\" data-element_type=\"widget\" data-widget_type=\"heading.default\">\n\t\t\t\t<div class=\"elementor-widget-container\">\n\t\t\t\t\t<h3 class=\"elementor-heading-title elementor-size-default\">L\u00e9pj velem kapcsolatba az el\u00e9rhet\u0151s\u00e9gek b\u00e1rmelyik\u00e9n vagy<\/h3>\t\t\t\t<\/div>\n\t\t\t\t<\/div>\n\t\t\t\t<div class=\"elementor-element elementor-element-a0ac2b6 elementor-tablet-align-center elementor-widget elementor-widget-button\" data-id=\"a0ac2b6\" data-element_type=\"widget\" data-widget_type=\"button.default\">\n\t\t\t\t<div class=\"elementor-widget-container\">\n\t\t\t\t\t\t\t\t\t<div class=\"elementor-button-wrapper\">\n\t\t\t\t\t<a class=\"elementor-button elementor-button-link elementor-size-md\" href=\"https:\/\/www.facebook.com\/styleinshine\">\n\t\t\t\t\t\t<span class=\"elementor-button-content-wrapper\">\n\t\t\t\t\t\t\t\t\t<span class=\"elementor-button-text\">\u00cdrj facebookon   <\/span>\n\t\t\t\t\t<\/span>\n\t\t\t\t\t<\/a>\n\t\t\t\t<\/div>\n\t\t\t\t\t\t\t\t<\/div>\n\t\t\t\t<\/div>\n\t\t<div class=\"elementor-element elementor-element-ed8e31 e-con-full e-flex e-con e-child\" data-id=\"ed8e31\" data-element_type=\"container\">\n\t\t<div class=\"elementor-element elementor-element-2487f969 e-con-full e-flex e-con e-child\" data-id=\"2487f969\" data-element_type=\"container\">\n\t\t\t\t<div class=\"elementor-element elementor-element-179bd153 elementor-widget elementor-widget-heading\" data-id=\"179bd153\" data-element_type=\"widget\" data-widget_type=\"heading.default\">\n\t\t\t\t<div class=\"elementor-widget-container\">\n\t\t\t\t\t<h2 class=\"elementor-heading-title elementor-size-default\">Email<\/h2>\t\t\t\t<\/div>\n\t\t\t\t<\/div>\n\t\t\t\t<div class=\"elementor-element elementor-element-3bc219bb elementor-tablet-align-center elementor-icon-list--layout-traditional elementor-list-item-link-full_width elementor-widget elementor-widget-icon-list\" data-id=\"3bc219bb\" data-element_type=\"widget\" data-widget_type=\"icon-list.default\">\n\t\t\t\t<div class=\"elementor-widget-container\">\n\t\t\t\t\t\t\t<ul class=\"elementor-icon-list-items\">\n\t\t\t\t\t\t\t<li class=\"elementor-icon-list-item\">\n\t\t\t\t\t\t\t\t\t\t<span class=\"elementor-icon-list-text\">styleinshine@gmail.com<\/span>\n\t\t\t\t\t\t\t\t\t<\/li>\n\t\t\t\t\t\t<\/ul>\n\t\t\t\t\t\t<\/div>\n\t\t\t\t<\/div>\n\t\t\t\t<\/div>\n\t\t<div class=\"elementor-element elementor-element-6a990c67 e-con-full e-flex e-con e-child\" data-id=\"6a990c67\" data-element_type=\"container\">\n\t\t\t\t<div class=\"elementor-element elementor-element-786899ba elementor-widget elementor-widget-heading\" data-id=\"786899ba\" data-element_type=\"widget\" data-widget_type=\"heading.default\">\n\t\t\t\t<div class=\"elementor-widget-container\">\n\t\t\t\t\t<h2 class=\"elementor-heading-title elementor-size-default\">telefon<\/h2>\t\t\t\t<\/div>\n\t\t\t\t<\/div>\n\t\t\t\t<div class=\"elementor-element elementor-element-60caf4e3 elementor-tablet-align-center elementor-icon-list--layout-traditional elementor-list-item-link-full_width elementor-widget elementor-widget-icon-list\" data-id=\"60caf4e3\" data-element_type=\"widget\" data-widget_type=\"icon-list.default\">\n\t\t\t\t<div class=\"elementor-widget-container\">\n\t\t\t\t\t\t\t<ul class=\"elementor-icon-list-items\">\n\t\t\t\t\t\t\t<li class=\"elementor-icon-list-item\">\n\t\t\t\t\t\t\t\t\t\t<span class=\"elementor-icon-list-text\">+36-70-285-7336<\/span>\n\t\t\t\t\t\t\t\t\t<\/li>\n\t\t\t\t\t\t<\/ul>\n\t\t\t\t\t\t<\/div>\n\t\t\t\t<\/div>\n\t\t\t\t<\/div>\n\t\t\t\t<\/div>\n\t\t\t\t<\/div>\n\t\t<div class=\"elementor-element elementor-element-63fb2d2a e-con-full e-flex e-con e-child\" data-id=\"63fb2d2a\" data-element_type=\"container\" data-settings=\"{&quot;background_background&quot;:&quot;classic&quot;}\">\n\t\t\t\t<\/div>\n\t\t\t\t<\/div>\n\t\t\t\t<\/div>\n\t\t","protected":false},"excerpt":{"rendered":"<p>Kapcsolat L\u00e9pj velem kapcsolatba az el\u00e9rhet\u0151s\u00e9gek b\u00e1rmelyik\u00e9n vagy \u00cdrj facebookon Email styleinshine@gmail.com telefon +36-70-285-7336<\/p>\n","protected":false},"author":1,"featured_media":0,"parent":0,"menu_order":0,"comment_status":"closed","ping_status":"closed","template":"elementor_header_footer","meta":{"footnotes":""},"class_list":["post-2","page","type-page","status-publish"],"_links":{"self":[{"href":"https:\/\/styleinshine.hu\/index.php?rest_route=\/wp\/v2\/pages\/2","targetHints":{"allow":["GET"]}}],"collection":[{"href":"https:\/\/styleinshine.hu\/index.php?rest_route=\/wp\/v2\/pages"}],"about":[{"href":"https:\/\/styleinshine.hu\/index.php?rest_route=\/wp\/v2\/types\/page"}],"author":[{"embeddable":true,"href":"https:\/\/styleinshine.hu\/index.php?rest_route=\/wp\/v2\/users\/1"}],"replies":[{"embeddable":true,"href":"https:\/\/styleinshine.hu\/index.php?rest_route=%2Fwp%2Fv2%2Fcomments&post=2"}],"version-history":[{"count":25,"href":"https:\/\/styleinshine.hu\/index.php?rest_route=\/wp\/v2\/pages\/2\/revisions"}],"predecessor-version":[{"id":368,"href":"https:\/\/styleinshine.hu\/index.php?rest_route=\/wp\/v2\/pages\/2\/revisions\/368"}],"wp:attachment":[{"href":"https:\/\/styleinshine.hu\/index.php?rest_route=%2Fwp%2Fv2%2Fmedia&parent=2"}],"curies":[{"name":"wp","href":"https:\/\/api.w.org\/{rel}","templated":true}]}}